{"id":4551,"date":"2010-07-14T22:00:17","date_gmt":"2010-07-14T22:00:17","guid":{"rendered":"http:\/\/www.ipsinaction.com\/ips\/?page_id=6"},"modified":"2010-07-14T22:00:17","modified_gmt":"2010-07-14T22:00:17","slug":"ips-programs","status":"publish","type":"page","link":"https:\/\/blogs.luc.edu\/ips\/?page_id=4551","title":{"rendered":"IPS Programs"},"content":{"rendered":"<p class=\"p1\">IPS Programs<\/p>\n<p class=\"p1\">Pastoral Studies and Divinity<\/p>\n<p class=\"p1\">For students interested in chaplaincy, religious education, parish\/congregational ministry, Lay Ecclesial Ministry certification, and much more:<\/p>\n<ul>\n<li class=\"p1\">MA in Pastoral Studies<\/li>\n<li class=\"p1\">Maestr\u00eda de Artes en Estudios Pastorales Biling\u00fce &#8211; Disponible exclusivamente en l\u00ednea<\/li>\n<li class=\"p1\">Master of Divinity<\/li>\n<\/ul>\n<p class=\"p1\">Graduate Certificates in:<\/p>\n<ul>\n<li class=\"p1\">Pastoral Leadership<\/li>\n<li class=\"p1\">Religious Education<\/li>\n<li class=\"p1\">Church Management<\/li>\n<li class=\"p1\">Social Justice<\/li>\n<\/ul>\n<p class=\"p1\">For students interested in being leaders and change agents through such work as community organizing, social activism, political advocacy, organizational diversity, equity, and inclusion, justice education, and more:<\/p>\n<ul>\n<li class=\"p1\">MA in Social Justice<\/li>\n<li class=\"p1\">Concentration option: Social Enterprise (this concentration is not available online)<\/li>\n<\/ul>\n<p class=\"p1\">Graduate Certificates in:<\/p>\n<ul>\n<li class=\"p1\">Social Justice<\/li>\n<li class=\"p1\">Social Justice and Social Enterprise<\/li>\n<li class=\"p1\">Counseling<\/li>\n<\/ul>\n<p class=\"p1\">For students interested in becoming licensed professional counselors (LPC and LCPC) or who want to integrate counseling skills in to their professions and ministries:<\/p>\n<ul>\n<li class=\"p1\">MA in Pastoral Counseling (for those seeking licensure: LPC and LCPC)<\/li>\n<li class=\"p1\">MA in Counseling for Ministry<\/li>\n<\/ul>\n<p class=\"p1\">Graduate Certificate in Pastoral Counseling (prior MA required)<\/p>\n<ul>\n<li class=\"p1\">Spirituality<\/li>\n<\/ul>\n<p class=\"p1\">For students interested in Christian spiritual traditions, spiritual accompaniment, and spiritual direction:<\/p>\n<ul>\n<li class=\"p1\">MA in Christian Spirituality<\/li>\n<\/ul>\n<p class=\"p1\">Optional Concentration in Spiritual Direction, with the ability to integrate the Spiritual Exercises of St. Ignatius<\/p>\n<p class=\"p1\">Graduate Certificates in:<\/p>\n<ul>\n<li class=\"p1\">Christian Spirituality<\/li>\n<li class=\"p1\">Spiritual Direction (prior MA required)<\/li>\n<\/ul>\n<p class=\"p1\">Dual-Degree Programs:<\/p>\n<ul>\n<li class=\"p1\">Master of Divinity \/ MA in Pastoral Counseling<\/li>\n<li class=\"p1\">Master of Divinity \/ MA in Social Justice<\/li>\n<li class=\"p1\">Master of Divinity \/ Master of Social Work (through the School of Social Work)<\/li>\n<li class=\"p1\">MA in Social Justice \/ Master of Social Work (through the School of Social Work)<\/li>\n<\/ul>\n<p class=\"p1\">Student have the option to complete any IPS degree, certificate, and dual-degree (excluding the MSW) entirely online!<\/p>\n","protected":false},"excerpt":{"rendered":"<p>IPS Programs Pastoral Studies and Divinity For students interested in chaplaincy, religious education, parish\/congregational ministry, Lay Ecclesial Ministry certification, and much more: MA in Pastoral Studies Maestr\u00eda de Artes en Estudios Pastorales Biling\u00fce &#8211; Disponible exclusivamente en l\u00ednea Master of Divinity Graduate Certificates in: Pastoral Leadership Religious Education Church Management Social Justice For students interested <a href=\"https:\/\/blogs.luc.edu\/ips\/?page_id=4551\"> read more <span class=\"meta-nav\"><\/span><\/a><\/p>\n","protected":false},"author":6,"featured_media":0,"parent":0,"menu_order":12,"comment_status":"open","ping_status":"closed","template":"","meta":{"footnotes":""},"class_list":["post-4551","page","type-page","status-publish","hentry"],"_links":{"self":[{"href":"https:\/\/blogs.luc.edu\/ips\/index.php?rest_route=\/wp\/v2\/pages\/4551","targetHints":{"allow":["GET"]}}],"collection":[{"href":"https:\/\/blogs.luc.edu\/ips\/index.php?rest_route=\/wp\/v2\/pages"}],"about":[{"href":"https:\/\/blogs.luc.edu\/ips\/index.php?rest_route=\/wp\/v2\/types\/page"}],"author":[{"embeddable":true,"href":"https:\/\/blogs.luc.edu\/ips\/index.php?rest_route=\/wp\/v2\/users\/6"}],"replies":[{"embeddable":true,"href":"https:\/\/blogs.luc.edu\/ips\/index.php?rest_route=%2Fwp%2Fv2%2Fcomments&post=4551"}],"version-history":[{"count":0,"href":"https:\/\/blogs.luc.edu\/ips\/index.php?rest_route=\/wp\/v2\/pages\/4551\/revisions"}],"wp:attachment":[{"href":"https:\/\/blogs.luc.edu\/ips\/index.php?rest_route=%2Fwp%2Fv2%2Fmedia&parent=4551"}],"curies":[{"name":"wp","href":"https:\/\/api.w.org\/{rel}","templated":true}]}}